{"id":119,"date":"2017-02-22T15:16:13","date_gmt":"2017-02-22T15:16:13","guid":{"rendered":"http:\/\/salthus.is\/?page_id=119"},"modified":"2021-01-09T17:38:03","modified_gmt":"2021-01-09T17:38:03","slug":"news","status":"publish","type":"page","link":"https:\/\/salthus.is\/home\/home\/news\/","title":{"rendered":"News"},"content":{"rendered":"<p>[et_pb_section fb_built=&#8221;1&#8243; admin_label=&#8221;section&#8221; _builder_version=&#8221;3.22&#8243; background_image=&#8221;http:\/\/salthus.is\/wp-content\/uploads\/salthus-bakgr-4x4horizvert-80wh-27bgr.jpg&#8221; transparent_background=&#8221;off&#8221; make_fullwidth=&#8221;off&#8221; use_custom_width=&#8221;off&#8221; width_unit=&#8221;on&#8221;][et_pb_row admin_label=&#8221;row&#8221; _builder_version=&#8221;3.25&#8243; background_color=&#8221;#ffffff&#8221; background_size=&#8221;initial&#8221; background_position=&#8221;top_left&#8221; background_repeat=&#8221;repeat&#8221; custom_padding=&#8221;40px|40px|40px|40px&#8221; make_fullwidth=&#8221;off&#8221; use_custom_width=&#8221;off&#8221; width_unit=&#8221;on&#8221;][et_pb_column type=&#8221;4_4&#8243; _builder_version=&#8221;3.25&#8243; custom_padding=&#8221;|||&#8221; custom_padding__hover=&#8221;|||&#8221;][et_pb_blog fullwidth=&#8221;off&#8221; include_categories=&#8221;2&#8243; show_author=&#8221;off&#8221; show_categories=&#8221;off&#8221; admin_label=&#8221;Blog&#8221; _builder_version=&#8221;3.0.94&#8243; use_border_color=&#8221;off&#8221; border_color=&#8221;#ffffff&#8221; border_style=&#8221;solid&#8221; use_dropshadow=&#8221;off&#8221;] [\/et_pb_blog][\/et_pb_column][\/et_pb_row][\/et_pb_section][et_pb_section fb_built=&#8221;1&#8243; admin_label=&#8221;Section&#8221; _builder_version=&#8221;3.22&#8243; background_color=&#8221;#f1f4f3&#8243; custom_padding=&#8221;0px|0px|1px|0px&#8221; transparent_background=&#8221;off&#8221; make_fullwidth=&#8221;off&#8221; use_custom_width=&#8221;off&#8221; width_unit=&#8221;on&#8221; global_module=&#8221;389&#8243;][et_pb_row column_structure=&#8221;1_3,2_3&#8243; admin_label=&#8221;Row&#8221; _builder_version=&#8221;3.25&#8243; background_size=&#8221;initial&#8221; background_position=&#8221;top_left&#8221; background_repeat=&#8221;repeat&#8221; max_width=&#8221;900px&#8221; make_fullwidth=&#8221;off&#8221; use_custom_width=&#8221;on&#8221; width_unit=&#8221;on&#8221; custom_width_px=&#8221;900px&#8221;][et_pb_column type=&#8221;1_3&#8243; _builder_version=&#8221;3.25&#8243; custom_padding=&#8221;|||&#8221; custom_padding__hover=&#8221;|||&#8221;][et_pb_text admin_label=&#8221;book now fyrirsogn&#8221; _builder_version=&#8221;3.27.4&#8243; background_size=&#8221;initial&#8221; background_position=&#8221;top_left&#8221; background_repeat=&#8221;repeat&#8221; use_border_color=&#8221;off&#8221; border_color=&#8221;#ffffff&#8221; border_style=&#8221;solid&#8221;]<\/p>\n<h2 style=\"text-align: left;\">Book your room<\/h2>\n<p>[\/et_pb_text][et_pb_code admin_label=&#8221;Code&#8221; _builder_version=&#8221;4.7.7&#8243; hover_enabled=&#8221;0&#8243; _module_preset=&#8221;default&#8221; sticky_enabled=&#8221;0&#8243;]<iframe loading=\"lazy\" src=\"https:\/\/icelandbeds.is\/booking\/bemar-salthus-en.html\" width=\"241\" height=\"340\" style=\"background: #f1f4f3;\" frameborder=\"0\" scrolling=\"no\" allowfullscreen=\"allowfullscreen\"><\/iframe>[\/et_pb_code][et_pb_text admin_label=&#8221;follow us&#8221; _builder_version=&#8221;3.27.4&#8243; background_size=&#8221;initial&#8221; background_position=&#8221;top_left&#8221; background_repeat=&#8221;repeat&#8221; custom_padding=&#8221;10px|||&#8221; use_border_color=&#8221;off&#8221; border_color=&#8221;#ffffff&#8221; border_style=&#8221;solid&#8221;]<\/p>\n<h2 style=\"text-align: left;\">Follow us!<\/h2>\n<p style=\"text-align: left;\"><a href=\"https:\/\/www.facebook.com\/Salth\u00fas-Guesthouse-Skagastr\u00f6nd-170163983480903\"><img loading=\"lazy\" decoding=\"async\" class=\"size-full wp-image-360 alignnone\" src=\"http:\/\/salthus.is\/wp-content\/uploads\/icon-facebook-67x67.png\" alt=\"\" width=\"67\" height=\"67\" \/><\/a>\u00a0<a href=\"https:\/\/www.tripadvisor.com\/Hotel_Review-g2291802-d12905786-Reviews-Salthus_Guesthouse-Skagastrond_Northwest_Region.html\"><img loading=\"lazy\" decoding=\"async\" class=\"size-large wp-image-361 alignnone\" src=\"http:\/\/salthus.is\/wp-content\/uploads\/icon-tripadvisor-67x67.png\" alt=\"\" width=\"67\" height=\"67\" \/><\/a> <a href=\"https:\/\/www.instagram.com\/salthusguesthouse\/\"><img loading=\"lazy\" decoding=\"async\" class=\"alignnone size-full wp-image-1123\" src=\"http:\/\/salthus.is\/wp-content\/uploads\/instagram-logo-png-transparent-67x67px.png\" alt=\"\" width=\"67\" height=\"67\" \/><\/a><\/p>\n<p>[\/et_pb_text][et_pb_text admin_label=&#8221;address&#8221; _builder_version=&#8221;3.27.4&#8243; background_size=&#8221;initial&#8221; background_position=&#8221;top_left&#8221; background_repeat=&#8221;repeat&#8221; use_border_color=&#8221;off&#8221; border_color=&#8221;#ffffff&#8221; border_style=&#8221;solid&#8221;]<\/p>\n<h2>Address<\/h2>\n<p>Einb\u00faast\u00edgur 3<br \/>\n545 Skagastr\u00f6nd<br \/>\nIceland<\/p>\n<p>GPS Coordinates:<br \/>\nLongitude -20.322100<br \/>\nLatitude 65.826200[\/et_pb_text][et_pb_text admin_label=&#8221;contact us&#8221; _builder_version=&#8221;3.27.4&#8243; background_size=&#8221;initial&#8221; background_position=&#8221;top_left&#8221; background_repeat=&#8221;repeat&#8221; use_border_color=&#8221;off&#8221; border_color=&#8221;#ffffff&#8221; border_style=&#8221;solid&#8221;]<\/p>\n<h2>Contact Us<\/h2>\n<p>Phone: +354 848 6051<\/p>\n<p>Email: salthus@salthus.is[\/et_pb_text][\/et_pb_column][et_pb_column type=&#8221;2_3&#8243; _builder_version=&#8221;3.25&#8243; custom_padding=&#8221;|||&#8221; custom_padding__hover=&#8221;|||&#8221;][et_pb_text admin_label=&#8221;Text&#8221; _builder_version=&#8221;3.27.4&#8243; background_size=&#8221;initial&#8221; background_position=&#8221;top_left&#8221; background_repeat=&#8221;repeat&#8221; use_border_color=&#8221;off&#8221; border_color=&#8221;#ffffff&#8221; border_style=&#8221;solid&#8221;]<\/p>\n<h2>Map<\/h2>\n<p>[\/et_pb_text][et_pb_code admin_label=&#8221;Code&#8221;]<iframe loading=\"lazy\" src=\"https:\/\/www.google.com\/maps\/d\/u\/0\/embed?mid=1WI2C57XlwulepUa0ZIHwsc80Kcg\" width=\"640\" height=\"480\"><\/iframe>[\/et_pb_code][\/et_pb_column][\/et_pb_row][\/et_pb_section]<\/p>\n","protected":false},"excerpt":{"rendered":"<p>Book your roomFollow us! \u00a0 Address Einb\u00faast\u00edgur 3 545 Skagastr\u00f6nd Iceland GPS Coordinates: Longitude -20.322100 Latitude 65.826200Contact Us Phone: +354 848 6051 Email: salthus@salthus.isMap<\/p>\n","protected":false},"author":1,"featured_media":0,"parent":4,"menu_order":0,"comment_status":"closed","ping_status":"closed","template":"","meta":{"_et_pb_use_builder":"on","_et_pb_old_content":"","_et_gb_content_width":"","footnotes":""},"class_list":["post-119","page","type-page","status-publish","hentry"],"yoast_head":"<!-- This site is optimized with the Yoast SEO plugin v27.5 - https:\/\/yoast.com\/product\/yoast-seo-wordpress\/ -->\n<title>News - Salth\u00fas<\/title>\n<meta name=\"description\" content=\"News from the Salth\u00fas Guesthouse Skagastr\u00f6nd\" \/>\n<meta name=\"robots\" content=\"index, follow, max-snippet:-1, max-image-preview:large, max-video-preview:-1\" \/>\n<link rel=\"canonical\" href=\"https:\/\/salthus.is\/home\/home\/news\/\" \/>\n<meta property=\"og:locale\" content=\"en_US\" \/>\n<meta property=\"og:type\" content=\"article\" \/>\n<meta property=\"og:title\" content=\"News - Salth\u00fas\" \/>\n<meta property=\"og:description\" content=\"News from the Salth\u00fas Guesthouse Skagastr\u00f6nd\" \/>\n<meta property=\"og:url\" content=\"https:\/\/salthus.is\/home\/home\/news\/\" \/>\n<meta property=\"og:site_name\" content=\"Salth\u00fas\" \/>\n<meta property=\"article:publisher\" content=\"https:\/\/www.facebook.com\/salthusguesthouse\/\" \/>\n<meta property=\"article:modified_time\" content=\"2021-01-09T17:38:03+00:00\" \/>\n<meta property=\"og:image\" content=\"http:\/\/salthus.is\/wp-content\/uploads\/icon-facebook-67x67.png\" \/>\n<meta name=\"twitter:card\" content=\"summary_large_image\" \/>\n<meta name=\"twitter:label1\" content=\"Est. reading time\" \/>\n\t<meta name=\"twitter:data1\" content=\"2 minutes\" \/>\n<script type=\"application\/ld+json\" class=\"yoast-schema-graph\">{\"@context\":\"https:\\\/\\\/schema.org\",\"@graph\":[{\"@type\":\"WebPage\",\"@id\":\"https:\\\/\\\/salthus.is\\\/home\\\/home\\\/news\\\/\",\"url\":\"https:\\\/\\\/salthus.is\\\/home\\\/home\\\/news\\\/\",\"name\":\"News - Salth\u00fas\",\"isPartOf\":{\"@id\":\"https:\\\/\\\/salthus.is\\\/home\\\/#website\"},\"primaryImageOfPage\":{\"@id\":\"https:\\\/\\\/salthus.is\\\/home\\\/home\\\/news\\\/#primaryimage\"},\"image\":{\"@id\":\"https:\\\/\\\/salthus.is\\\/home\\\/home\\\/news\\\/#primaryimage\"},\"thumbnailUrl\":\"http:\\\/\\\/salthus.is\\\/wp-content\\\/uploads\\\/icon-facebook-67x67.png\",\"datePublished\":\"2017-02-22T15:16:13+00:00\",\"dateModified\":\"2021-01-09T17:38:03+00:00\",\"description\":\"News from the Salth\u00fas Guesthouse Skagastr\u00f6nd\",\"breadcrumb\":{\"@id\":\"https:\\\/\\\/salthus.is\\\/home\\\/home\\\/news\\\/#breadcrumb\"},\"inLanguage\":\"en-US\",\"potentialAction\":[{\"@type\":\"ReadAction\",\"target\":[\"https:\\\/\\\/salthus.is\\\/home\\\/home\\\/news\\\/\"]}]},{\"@type\":\"ImageObject\",\"inLanguage\":\"en-US\",\"@id\":\"https:\\\/\\\/salthus.is\\\/home\\\/home\\\/news\\\/#primaryimage\",\"url\":\"http:\\\/\\\/salthus.is\\\/wp-content\\\/uploads\\\/icon-facebook-67x67.png\",\"contentUrl\":\"http:\\\/\\\/salthus.is\\\/wp-content\\\/uploads\\\/icon-facebook-67x67.png\"},{\"@type\":\"BreadcrumbList\",\"@id\":\"https:\\\/\\\/salthus.is\\\/home\\\/home\\\/news\\\/#breadcrumb\",\"itemListElement\":[{\"@type\":\"ListItem\",\"position\":1,\"name\":\"Home\",\"item\":\"https:\\\/\\\/salthus.is\\\/home\\\/\"},{\"@type\":\"ListItem\",\"position\":2,\"name\":\"Home\",\"item\":\"https:\\\/\\\/salthus.is\\\/home\\\/\"},{\"@type\":\"ListItem\",\"position\":3,\"name\":\"News\"}]},{\"@type\":\"WebSite\",\"@id\":\"https:\\\/\\\/salthus.is\\\/home\\\/#website\",\"url\":\"https:\\\/\\\/salthus.is\\\/home\\\/\",\"name\":\"Salth\u00fas\",\"description\":\"Guesthouse Skagastr\u00f6nd\",\"publisher\":{\"@id\":\"https:\\\/\\\/salthus.is\\\/home\\\/#organization\"},\"potentialAction\":[{\"@type\":\"SearchAction\",\"target\":{\"@type\":\"EntryPoint\",\"urlTemplate\":\"https:\\\/\\\/salthus.is\\\/home\\\/?s={search_term_string}\"},\"query-input\":{\"@type\":\"PropertyValueSpecification\",\"valueRequired\":true,\"valueName\":\"search_term_string\"}}],\"inLanguage\":\"en-US\"},{\"@type\":\"Organization\",\"@id\":\"https:\\\/\\\/salthus.is\\\/home\\\/#organization\",\"name\":\"Salth\u00fas Guesthouse\",\"url\":\"https:\\\/\\\/salthus.is\\\/home\\\/\",\"logo\":{\"@type\":\"ImageObject\",\"inLanguage\":\"en-US\",\"@id\":\"https:\\\/\\\/salthus.is\\\/home\\\/#\\\/schema\\\/logo\\\/image\\\/\",\"url\":\"http:\\\/\\\/salthus.is\\\/wp-content\\\/uploads\\\/salthus-logo-pngtranspar-300x147pxgrunn-310x197px.png\",\"contentUrl\":\"http:\\\/\\\/salthus.is\\\/wp-content\\\/uploads\\\/salthus-logo-pngtranspar-300x147pxgrunn-310x197px.png\",\"width\":310,\"height\":197,\"caption\":\"Salth\u00fas Guesthouse\"},\"image\":{\"@id\":\"https:\\\/\\\/salthus.is\\\/home\\\/#\\\/schema\\\/logo\\\/image\\\/\"},\"sameAs\":[\"https:\\\/\\\/www.facebook.com\\\/salthusguesthouse\\\/\"]}]}<\/script>\n<!-- \/ Yoast SEO plugin. -->","yoast_head_json":{"title":"News - Salth\u00fas","description":"News from the Salth\u00fas Guesthouse Skagastr\u00f6nd","robots":{"index":"index","follow":"follow","max-snippet":"max-snippet:-1","max-image-preview":"max-image-preview:large","max-video-preview":"max-video-preview:-1"},"canonical":"https:\/\/salthus.is\/home\/home\/news\/","og_locale":"en_US","og_type":"article","og_title":"News - Salth\u00fas","og_description":"News from the Salth\u00fas Guesthouse Skagastr\u00f6nd","og_url":"https:\/\/salthus.is\/home\/home\/news\/","og_site_name":"Salth\u00fas","article_publisher":"https:\/\/www.facebook.com\/salthusguesthouse\/","article_modified_time":"2021-01-09T17:38:03+00:00","og_image":[{"url":"http:\/\/salthus.is\/wp-content\/uploads\/icon-facebook-67x67.png","type":"","width":"","height":""}],"twitter_card":"summary_large_image","twitter_misc":{"Est. reading time":"2 minutes"},"schema":{"@context":"https:\/\/schema.org","@graph":[{"@type":"WebPage","@id":"https:\/\/salthus.is\/home\/home\/news\/","url":"https:\/\/salthus.is\/home\/home\/news\/","name":"News - Salth\u00fas","isPartOf":{"@id":"https:\/\/salthus.is\/home\/#website"},"primaryImageOfPage":{"@id":"https:\/\/salthus.is\/home\/home\/news\/#primaryimage"},"image":{"@id":"https:\/\/salthus.is\/home\/home\/news\/#primaryimage"},"thumbnailUrl":"http:\/\/salthus.is\/wp-content\/uploads\/icon-facebook-67x67.png","datePublished":"2017-02-22T15:16:13+00:00","dateModified":"2021-01-09T17:38:03+00:00","description":"News from the Salth\u00fas Guesthouse Skagastr\u00f6nd","breadcrumb":{"@id":"https:\/\/salthus.is\/home\/home\/news\/#breadcrumb"},"inLanguage":"en-US","potentialAction":[{"@type":"ReadAction","target":["https:\/\/salthus.is\/home\/home\/news\/"]}]},{"@type":"ImageObject","inLanguage":"en-US","@id":"https:\/\/salthus.is\/home\/home\/news\/#primaryimage","url":"http:\/\/salthus.is\/wp-content\/uploads\/icon-facebook-67x67.png","contentUrl":"http:\/\/salthus.is\/wp-content\/uploads\/icon-facebook-67x67.png"},{"@type":"BreadcrumbList","@id":"https:\/\/salthus.is\/home\/home\/news\/#breadcrumb","itemListElement":[{"@type":"ListItem","position":1,"name":"Home","item":"https:\/\/salthus.is\/home\/"},{"@type":"ListItem","position":2,"name":"Home","item":"https:\/\/salthus.is\/home\/"},{"@type":"ListItem","position":3,"name":"News"}]},{"@type":"WebSite","@id":"https:\/\/salthus.is\/home\/#website","url":"https:\/\/salthus.is\/home\/","name":"Salth\u00fas","description":"Guesthouse Skagastr\u00f6nd","publisher":{"@id":"https:\/\/salthus.is\/home\/#organization"},"potentialAction":[{"@type":"SearchAction","target":{"@type":"EntryPoint","urlTemplate":"https:\/\/salthus.is\/home\/?s={search_term_string}"},"query-input":{"@type":"PropertyValueSpecification","valueRequired":true,"valueName":"search_term_string"}}],"inLanguage":"en-US"},{"@type":"Organization","@id":"https:\/\/salthus.is\/home\/#organization","name":"Salth\u00fas Guesthouse","url":"https:\/\/salthus.is\/home\/","logo":{"@type":"ImageObject","inLanguage":"en-US","@id":"https:\/\/salthus.is\/home\/#\/schema\/logo\/image\/","url":"http:\/\/salthus.is\/wp-content\/uploads\/salthus-logo-pngtranspar-300x147pxgrunn-310x197px.png","contentUrl":"http:\/\/salthus.is\/wp-content\/uploads\/salthus-logo-pngtranspar-300x147pxgrunn-310x197px.png","width":310,"height":197,"caption":"Salth\u00fas Guesthouse"},"image":{"@id":"https:\/\/salthus.is\/home\/#\/schema\/logo\/image\/"},"sameAs":["https:\/\/www.facebook.com\/salthusguesthouse\/"]}]}},"_links":{"self":[{"href":"https:\/\/salthus.is\/home\/wp-json\/wp\/v2\/pages\/119","targetHints":{"allow":["GET"]}}],"collection":[{"href":"https:\/\/salthus.is\/home\/wp-json\/wp\/v2\/pages"}],"about":[{"href":"https:\/\/salthus.is\/home\/wp-json\/wp\/v2\/types\/page"}],"author":[{"embeddable":true,"href":"https:\/\/salthus.is\/home\/wp-json\/wp\/v2\/users\/1"}],"replies":[{"embeddable":true,"href":"https:\/\/salthus.is\/home\/wp-json\/wp\/v2\/comments?post=119"}],"version-history":[{"count":14,"href":"https:\/\/salthus.is\/home\/wp-json\/wp\/v2\/pages\/119\/revisions"}],"predecessor-version":[{"id":1475,"href":"https:\/\/salthus.is\/home\/wp-json\/wp\/v2\/pages\/119\/revisions\/1475"}],"up":[{"embeddable":true,"href":"https:\/\/salthus.is\/home\/wp-json\/wp\/v2\/pages\/4"}],"wp:attachment":[{"href":"https:\/\/salthus.is\/home\/wp-json\/wp\/v2\/media?parent=119"}],"curies":[{"name":"wp","href":"https:\/\/api.w.org\/{rel}","templated":true}]}}