{"id":931,"date":"2018-01-24T23:51:32","date_gmt":"2018-01-24T23:51:32","guid":{"rendered":"http:\/\/salthus.is\/?page_id=931"},"modified":"2022-11-15T14:36:30","modified_gmt":"2022-11-15T14:36:30","slug":"small-twin-rooms-disability-access","status":"publish","type":"page","link":"https:\/\/salthus.is\/home\/home\/accommodation\/small-twin-rooms-disability-access\/","title":{"rendered":"Small twin rooms &#8211; wheelchair access"},"content":{"rendered":"<p>[et_pb_section fb_built=&#8221;1&#8243; admin_label=&#8221;section&#8221; _builder_version=&#8221;4.16&#8243; background_image=&#8221;http:\/\/salthus.is\/wp-content\/uploads\/salthus-bakgr-4x4horizvert-80wh-27bgr.jpg&#8221; transparent_background=&#8221;off&#8221; make_fullwidth=&#8221;off&#8221; use_custom_width=&#8221;off&#8221; width_unit=&#8221;on&#8221; global_colors_info=&#8221;{}&#8221;][et_pb_row column_structure=&#8221;2_3,1_3&#8243; admin_label=&#8221;Row&#8221; _builder_version=&#8221;4.16&#8243; background_color=&#8221;#ffffff&#8221; background_size=&#8221;initial&#8221; background_position=&#8221;top_left&#8221; background_repeat=&#8221;repeat&#8221; custom_padding=&#8221;40px|40px|40px|40px&#8221; make_fullwidth=&#8221;off&#8221; use_custom_width=&#8221;off&#8221; width_unit=&#8221;on&#8221; global_colors_info=&#8221;{}&#8221;][et_pb_column type=&#8221;2_3&#8243; _builder_version=&#8221;4.16&#8243; custom_padding=&#8221;|||&#8221; global_colors_info=&#8221;{}&#8221; custom_padding__hover=&#8221;|||&#8221;][et_pb_text admin_label=&#8221;Text&#8221; _builder_version=&#8221;4.16&#8243; background_size=&#8221;initial&#8221; background_position=&#8221;top_left&#8221; background_repeat=&#8221;repeat&#8221; use_border_color=&#8221;off&#8221; border_color=&#8221;#ffffff&#8221; border_style=&#8221;solid&#8221; global_colors_info=&#8221;{}&#8221;]<\/p>\n<h2>Types of rooms<\/h2>\n<ul>\n<li><a href=\"http:\/\/salthus.is\/home\/accommodation\/family-rooms\/\">Family rooms (sleep 4) with sea view.<\/a><\/li>\n<li><a href=\"http:\/\/salthus.is\/home\/accommodation\/double-rooms-with-sea-view\/\">Double rooms (sleep 2) with sea view.<\/a><\/li>\n<li><a href=\"http:\/\/salthus.is\/home\/accommodation\/double-rooms-with-mountain-view\/\">Double rooms (sleep 2) with mountain view.<\/a><\/li>\n<li><a href=\"http:\/\/salthus.is\/home\/accommodation\/twin-room\/\">Twin room (sleeps 2).<\/a><\/li>\n<li><a href=\"http:\/\/salthus.is\/home\/accommodation\/small-twin-rooms-disability-access\/\">Small twin rooms (sleep 2), with access for wheelchairs.<\/a><\/li>\n<\/ul>\n<p>[\/et_pb_text][\/et_pb_column][et_pb_column type=&#8221;1_3&#8243; _builder_version=&#8221;4.16&#8243; custom_padding=&#8221;|||&#8221; global_colors_info=&#8221;{}&#8221; custom_padding__hover=&#8221;|||&#8221;][et_pb_button button_text=&#8221;BOOK NOW&#8221; _builder_version=&#8221;4.19.0&#8243; _module_preset=&#8221;default&#8221; button_url=&#8221;https:\/\/property.godo.is\/booking.php?propid=157821&#038;invoicee=582888&#8243; url_new_window=&#8221;on&#8221; admin_label=&#8221;Book Now button&#8221; button_alignment=&#8221;center&#8221; custom_button=&#8221;on&#8221; button_text_color=&#8221;#FFFFFF&#8221; button_bg_color=&#8221;#E09900&#8243; button_bg_enable_color=&#8221;on&#8221; button_border_width=&#8221;0px&#8221; button_font=&#8221;|700|||||||&#8221; button_text_size=&#8221;28px&#8221; hover_enabled=&#8221;0&#8243; sticky_enabled=&#8221;0&#8243; locked=&#8221;off&#8221;][\/et_pb_button][\/et_pb_column][\/et_pb_row][et_pb_row admin_label=&#8221;Row&#8221; _builder_version=&#8221;4.16&#8243; background_color=&#8221;#ffffff&#8221; background_size=&#8221;initial&#8221; background_position=&#8221;top_left&#8221; background_repeat=&#8221;repeat&#8221; custom_padding=&#8221;40px|40px|40px|40px&#8221; make_fullwidth=&#8221;off&#8221; use_custom_width=&#8221;off&#8221; width_unit=&#8221;on&#8221; global_colors_info=&#8221;{}&#8221;][et_pb_column type=&#8221;4_4&#8243; _builder_version=&#8221;4.16&#8243; custom_padding=&#8221;|||&#8221; global_colors_info=&#8221;{}&#8221; custom_padding__hover=&#8221;|||&#8221;][et_pb_text admin_label=&#8221;Text&#8221; _builder_version=&#8221;4.16&#8243; background_size=&#8221;initial&#8221; background_position=&#8221;top_left&#8221; background_repeat=&#8221;repeat&#8221; use_border_color=&#8221;off&#8221; border_color=&#8221;#ffffff&#8221; border_style=&#8221;solid&#8221; global_colors_info=&#8221;{}&#8221;]<\/p>\n<h1>Small twin rooms &#8211; wheelchair access<\/h1>\n<p>Sleeps 2 persons. Two single beds.<\/p>\n<p>Room size: 17.2 sqm (185 sqft) with bathroom.<\/p>\n<p>Amenities: Partial mountain view (view towards north). Linen and non-feather pillows in beds. Bathroom with toilet and walk-in shower, towels, body soap and toilet paper. Seating\/dining area with one chair and desk. Parquet floor, clothes rack, trash can. Socket near the bed. Electric sockets 220 volt, European plug. Internet cable access and free WiFi. Located on ground floor. Door to the outside in the front of the house (parking lot).\u00a0Entire unit is wheelchair accessible.<\/p>\n<p>Number of small twin rooms in the guesthouse: 2.<br \/>\n[\/et_pb_text][\/et_pb_column][\/et_pb_row][et_pb_row admin_label=&#8221;Row&#8221; _builder_version=&#8221;4.16&#8243; background_color=&#8221;#ffffff&#8221; background_size=&#8221;initial&#8221; background_position=&#8221;top_left&#8221; background_repeat=&#8221;repeat&#8221; custom_padding=&#8221;40px|40px|40px|40px&#8221; make_fullwidth=&#8221;off&#8221; use_custom_width=&#8221;off&#8221; width_unit=&#8221;on&#8221; global_colors_info=&#8221;{}&#8221;][et_pb_column type=&#8221;4_4&#8243; _builder_version=&#8221;4.16&#8243; custom_padding=&#8221;|||&#8221; global_colors_info=&#8221;{}&#8221; custom_padding__hover=&#8221;|||&#8221;][et_pb_text admin_label=&#8221;Text&#8221; _builder_version=&#8221;4.17.6&#8243; background_size=&#8221;initial&#8221; background_position=&#8221;top_left&#8221; background_repeat=&#8221;repeat&#8221; use_border_color=&#8221;off&#8221; border_color=&#8221;#ffffff&#8221; border_style=&#8221;solid&#8221; global_colors_info=&#8221;{}&#8221;]<\/p>\n<h3>Pictures from the small twin rooms<\/h3>\n<p><img loading=\"lazy\" decoding=\"async\" src=\"http:\/\/salthus.is\/wp-content\/uploads\/salthus-12twinroomdisabled-w960.gif\" width=\"960\" height=\"727\" alt=\"Salth\u00fas twin room with disabled access\/tveggja manna herbergi me\u00f0 hj\u00f3last\u00f3laa\u00f0gangi\" class=\"wp-image-1671 aligncenter size-full\" \/><\/p>\n<p><img loading=\"lazy\" decoding=\"async\" src=\"http:\/\/salthus.is\/wp-content\/uploads\/salthus-15twinroom-w960xh629.jpg\" width=\"960\" height=\"629\" alt=\"Salth\u00fas twin room with disabled access\/tveggja manna herbergi me\u00f0 hj\u00f3last\u00f3laa\u00f0gangi\" class=\"wp-image-1637 aligncenter size-full\" srcset=\"http:\/\/salthus.is\/wp-content\/uploads\/salthus-15twinroom-w960xh629.jpg 960w, http:\/\/salthus.is\/wp-content\/uploads\/salthus-15twinroom-w960xh629-480x315.jpg 480w\" sizes=\"(min-width: 0px) and (max-width: 480px) 480px, (min-width: 481px) 960px, 100vw\" \/><\/p>\n<p><img loading=\"lazy\" decoding=\"async\" src=\"http:\/\/salthus.is\/wp-content\/uploads\/salthus-16disabledpeoplebathroomtwinroom-w960.gif\" width=\"960\" height=\"640\" alt=\"Salth\u00fas bath room in twin room with disabled access\/ba\u00f0herbergi \u00ed tveggja manna herbergi me\u00f0 hj\u00f3last\u00f3laa\u00f0gangi\" class=\"wp-image-1673 aligncenter size-full\" \/><\/p>\n<p><img loading=\"lazy\" decoding=\"async\" class=\"aligncenter size-full wp-image-952\" src=\"http:\/\/salthus.is\/wp-content\/uploads\/herbergi-4-18jan2017-960x720px.jpg\" alt=\"\" width=\"960\" height=\"720\" srcset=\"https:\/\/salthus.is\/wp-content\/uploads\/herbergi-4-18jan2017-960x720px.jpg 960w, https:\/\/salthus.is\/wp-content\/uploads\/herbergi-4-18jan2017-960x720px-300x225.jpg 300w, https:\/\/salthus.is\/wp-content\/uploads\/herbergi-4-18jan2017-960x720px-768x576.jpg 768w, https:\/\/salthus.is\/wp-content\/uploads\/herbergi-4-18jan2017-960x720px-510x382.jpg 510w\" sizes=\"(max-width: 960px) 100vw, 960px\" \/><\/p>\n<p><img loading=\"lazy\" decoding=\"async\" class=\"alignnone size-full wp-image-877\" src=\"http:\/\/salthus.is\/wp-content\/uploads\/mountain-view-salthus-guesthouse-960x720.jpg\" alt=\"\" width=\"960\" height=\"720\" srcset=\"https:\/\/salthus.is\/wp-content\/uploads\/mountain-view-salthus-guesthouse-960x720.jpg 960w, https:\/\/salthus.is\/wp-content\/uploads\/mountain-view-salthus-guesthouse-960x720-300x225.jpg 300w, https:\/\/salthus.is\/wp-content\/uploads\/mountain-view-salthus-guesthouse-960x720-768x576.jpg 768w, https:\/\/salthus.is\/wp-content\/uploads\/mountain-view-salthus-guesthouse-960x720-510x382.jpg 510w\" sizes=\"(max-width: 960px) 100vw, 960px\" \/><\/p>\n<p><img loading=\"lazy\" decoding=\"async\" class=\"size-full wp-image-986 aligncenter\" src=\"http:\/\/salthus.is\/wp-content\/uploads\/disabled-symbol-access-sign-1.jpg\" alt=\"\" width=\"300\" height=\"297\" srcset=\"https:\/\/salthus.is\/wp-content\/uploads\/disabled-symbol-access-sign-1.jpg 300w, https:\/\/salthus.is\/wp-content\/uploads\/disabled-symbol-access-sign-1-150x150.jpg 150w\" sizes=\"(max-width: 300px) 100vw, 300px\" \/><\/p>\n<p>[\/et_pb_text][\/et_pb_column][\/et_pb_row][\/et_pb_section][et_pb_section fb_built=&#8221;1&#8243; admin_label=&#8221;Section&#8221; _builder_version=&#8221;3.22&#8243; background_color=&#8221;#f1f4f3&#8243; custom_padding=&#8221;0px|0px|1px|0px&#8221; transparent_background=&#8221;off&#8221; make_fullwidth=&#8221;off&#8221; use_custom_width=&#8221;off&#8221; width_unit=&#8221;on&#8221; global_module=&#8221;389&#8243; global_colors_info=&#8221;{}&#8221;][et_pb_row column_structure=&#8221;1_3,2_3&#8243; admin_label=&#8221;Row&#8221; _builder_version=&#8221;4.16&#8243; background_size=&#8221;initial&#8221; background_position=&#8221;top_left&#8221; background_repeat=&#8221;repeat&#8221; max_width=&#8221;900px&#8221; make_fullwidth=&#8221;off&#8221; use_custom_width=&#8221;on&#8221; width_unit=&#8221;on&#8221; custom_width_px=&#8221;900px&#8221; global_colors_info=&#8221;{}&#8221;][et_pb_column type=&#8221;1_3&#8243; _builder_version=&#8221;4.16&#8243; custom_padding=&#8221;|||&#8221; global_colors_info=&#8221;{}&#8221; custom_padding__hover=&#8221;|||&#8221;][et_pb_text admin_label=&#8221;book now fyrirsogn&#8221; _builder_version=&#8221;4.16&#8243; background_size=&#8221;initial&#8221; background_position=&#8221;top_left&#8221; background_repeat=&#8221;repeat&#8221; use_border_color=&#8221;off&#8221; border_color=&#8221;#ffffff&#8221; border_style=&#8221;solid&#8221; global_colors_info=&#8221;{}&#8221;]<\/p>\n<h2 style=\"text-align: left;\">Book your room<\/h2>\n<p>[\/et_pb_text][et_pb_button button_url=&#8221;https:\/\/property.godo.is\/booking.php?propid=157821&#038;invoicee=582888&#8243; url_new_window=&#8221;on&#8221; button_text=&#8221;BOOK NOW&#8221; button_alignment=&#8221;left&#8221; admin_label=&#8221;Book Now button&#8221; _builder_version=&#8221;4.19.0&#8243; _module_preset=&#8221;default&#8221; custom_button=&#8221;on&#8221; button_text_size=&#8221;28px&#8221; button_text_color=&#8221;#FFFFFF&#8221; button_bg_color=&#8221;#E09900&#8243; button_border_width=&#8221;0px&#8221; button_font=&#8221;|700|||||||&#8221; locked=&#8221;off&#8221; global_colors_info=&#8221;{}&#8221;][\/et_pb_button][et_pb_text admin_label=&#8221;follow us&#8221; _builder_version=&#8221;4.16&#8243; background_size=&#8221;initial&#8221; background_position=&#8221;top_left&#8221; background_repeat=&#8221;repeat&#8221; custom_padding=&#8221;10px|||&#8221; use_border_color=&#8221;off&#8221; border_color=&#8221;#ffffff&#8221; border_style=&#8221;solid&#8221; global_colors_info=&#8221;{}&#8221;]<\/p>\n<h2 style=\"text-align: left;\">Follow us!<\/h2>\n<p style=\"text-align: left;\"><a href=\"https:\/\/www.facebook.com\/Salth\u00fas-Guesthouse-Skagastr\u00f6nd-170163983480903\"><img loading=\"lazy\" decoding=\"async\" class=\"size-full wp-image-360 alignnone\" src=\"http:\/\/salthus.is\/wp-content\/uploads\/icon-facebook-67x67.png\" alt=\"\" width=\"67\" height=\"67\" \/><\/a>\u00a0<a href=\"https:\/\/www.tripadvisor.com\/Hotel_Review-g2291802-d12905786-Reviews-Salthus_Guesthouse-Skagastrond_Northwest_Region.html\"><img loading=\"lazy\" decoding=\"async\" class=\"size-large wp-image-361 alignnone\" src=\"http:\/\/salthus.is\/wp-content\/uploads\/icon-tripadvisor-67x67.png\" alt=\"\" width=\"67\" height=\"67\" \/><\/a> <a href=\"https:\/\/www.instagram.com\/salthusguesthouse\/\"><img loading=\"lazy\" decoding=\"async\" class=\"alignnone size-full wp-image-1123\" src=\"http:\/\/salthus.is\/wp-content\/uploads\/instagram-logo-png-transparent-67x67px.png\" alt=\"\" width=\"67\" height=\"67\" \/><\/a><\/p>\n<p>[\/et_pb_text][et_pb_text admin_label=&#8221;address&#8221; _builder_version=&#8221;4.16&#8243; background_size=&#8221;initial&#8221; background_position=&#8221;top_left&#8221; background_repeat=&#8221;repeat&#8221; use_border_color=&#8221;off&#8221; border_color=&#8221;#ffffff&#8221; border_style=&#8221;solid&#8221; global_colors_info=&#8221;{}&#8221;]<\/p>\n<h2>Address<\/h2>\n<p>Einb\u00faast\u00edgur 3<br \/>\n545 Skagastr\u00f6nd<br \/>\nIceland<\/p>\n<p>GPS Coordinates:<br \/>\nLongitude -20.322100<br \/>\nLatitude 65.826200[\/et_pb_text][et_pb_text admin_label=&#8221;contact us&#8221; _builder_version=&#8221;4.16&#8243; background_size=&#8221;initial&#8221; background_position=&#8221;top_left&#8221; background_repeat=&#8221;repeat&#8221; use_border_color=&#8221;off&#8221; border_color=&#8221;#ffffff&#8221; border_style=&#8221;solid&#8221; global_colors_info=&#8221;{}&#8221;]<\/p>\n<h2>Contact Us<\/h2>\n<p>Phone: +354 848 6051<\/p>\n<p>Email: salthus@salthus.is[\/et_pb_text][\/et_pb_column][et_pb_column type=&#8221;2_3&#8243; _builder_version=&#8221;4.16&#8243; custom_padding=&#8221;|||&#8221; global_colors_info=&#8221;{}&#8221; custom_padding__hover=&#8221;|||&#8221;][et_pb_text admin_label=&#8221;Text&#8221; _builder_version=&#8221;4.16&#8243; background_size=&#8221;initial&#8221; background_position=&#8221;top_left&#8221; background_repeat=&#8221;repeat&#8221; use_border_color=&#8221;off&#8221; border_color=&#8221;#ffffff&#8221; border_style=&#8221;solid&#8221; global_colors_info=&#8221;{}&#8221;]<\/p>\n<h2>Map<\/h2>\n<p>[\/et_pb_text][et_pb_code admin_label=&#8221;Code&#8221; _builder_version=&#8221;4.16&#8243; global_colors_info=&#8221;{}&#8221;]<iframe loading=\"lazy\" src=\"https:\/\/www.google.com\/maps\/d\/u\/0\/embed?mid=1WI2C57XlwulepUa0ZIHwsc80Kcg\" width=\"640\" height=\"480\"><\/iframe>[\/et_pb_code][\/et_pb_column][\/et_pb_row][\/et_pb_section]<\/p>\n","protected":false},"excerpt":{"rendered":"<p>Types of rooms Family rooms (sleep 4) with sea view. Double rooms (sleep 2) with sea view. Double rooms (sleep 2) with mountain view. Twin room (sleeps 2). Small twin rooms (sleep 2), with access for wheelchairs. Small twin rooms &#8211; wheelchair access Sleeps 2 persons. Two single beds. Room size: 17.2 sqm (185 sqft) [&hellip;]<\/p>\n","protected":false},"author":1,"featured_media":0,"parent":149,"menu_order":0,"comment_status":"closed","ping_status":"closed","template":"","meta":{"_et_pb_use_builder":"on","_et_pb_old_content":"","_et_gb_content_width":"","footnotes":""},"class_list":["post-931","page","type-page","status-publish","hentry"],"yoast_head":"<!-- This site is optimized with the Yoast SEO plugin v27.5 - https:\/\/yoast.com\/product\/yoast-seo-wordpress\/ -->\n<title>Small twin rooms - wheelchair access - Salth\u00fas<\/title>\n<meta name=\"description\" content=\"Twin rooms with access for wheelchairs at the Salth\u00fas Guesthouse in Skagastr\u00f6nd sleep two persons, with two single beds. On the ground floor with a door to the outside.\" \/>\n<meta name=\"robots\" content=\"index, follow, max-snippet:-1, max-image-preview:large, max-video-preview:-1\" \/>\n<link rel=\"canonical\" href=\"https:\/\/salthus.is\/home\/home\/accommodation\/small-twin-rooms-disability-access\/\" \/>\n<meta property=\"og:locale\" content=\"en_US\" \/>\n<meta property=\"og:type\" content=\"article\" \/>\n<meta property=\"og:title\" content=\"Small twin rooms - wheelchair access - Salth\u00fas\" \/>\n<meta property=\"og:description\" content=\"Twin rooms with access for wheelchairs at the Salth\u00fas Guesthouse in Skagastr\u00f6nd sleep two persons, with two single beds. On the ground floor with a door to the outside.\" \/>\n<meta property=\"og:url\" content=\"https:\/\/salthus.is\/home\/home\/accommodation\/small-twin-rooms-disability-access\/\" \/>\n<meta property=\"og:site_name\" content=\"Salth\u00fas\" \/>\n<meta property=\"article:publisher\" content=\"https:\/\/www.facebook.com\/salthusguesthouse\/\" \/>\n<meta property=\"article:modified_time\" content=\"2022-11-15T14:36:30+00:00\" \/>\n<meta property=\"og:image\" content=\"http:\/\/salthus.is\/wp-content\/uploads\/salthus-12twinroomdisabled-w960.gif\" \/>\n<meta name=\"twitter:card\" content=\"summary_large_image\" \/>\n<meta name=\"twitter:label1\" content=\"Est. reading time\" \/>\n\t<meta name=\"twitter:data1\" content=\"5 minutes\" \/>\n<script type=\"application\/ld+json\" class=\"yoast-schema-graph\">{\"@context\":\"https:\\\/\\\/schema.org\",\"@graph\":[{\"@type\":\"WebPage\",\"@id\":\"https:\\\/\\\/salthus.is\\\/home\\\/home\\\/accommodation\\\/small-twin-rooms-disability-access\\\/\",\"url\":\"https:\\\/\\\/salthus.is\\\/home\\\/home\\\/accommodation\\\/small-twin-rooms-disability-access\\\/\",\"name\":\"Small twin rooms - wheelchair access - Salth\u00fas\",\"isPartOf\":{\"@id\":\"https:\\\/\\\/salthus.is\\\/home\\\/#website\"},\"primaryImageOfPage\":{\"@id\":\"https:\\\/\\\/salthus.is\\\/home\\\/home\\\/accommodation\\\/small-twin-rooms-disability-access\\\/#primaryimage\"},\"image\":{\"@id\":\"https:\\\/\\\/salthus.is\\\/home\\\/home\\\/accommodation\\\/small-twin-rooms-disability-access\\\/#primaryimage\"},\"thumbnailUrl\":\"http:\\\/\\\/salthus.is\\\/wp-content\\\/uploads\\\/salthus-12twinroomdisabled-w960.gif\",\"datePublished\":\"2018-01-24T23:51:32+00:00\",\"dateModified\":\"2022-11-15T14:36:30+00:00\",\"description\":\"Twin rooms with access for wheelchairs at the Salth\u00fas Guesthouse in Skagastr\u00f6nd sleep two persons, with two single beds. On the ground floor with a door to the outside.\",\"breadcrumb\":{\"@id\":\"https:\\\/\\\/salthus.is\\\/home\\\/home\\\/accommodation\\\/small-twin-rooms-disability-access\\\/#breadcrumb\"},\"inLanguage\":\"en-US\",\"potentialAction\":[{\"@type\":\"ReadAction\",\"target\":[\"https:\\\/\\\/salthus.is\\\/home\\\/home\\\/accommodation\\\/small-twin-rooms-disability-access\\\/\"]}]},{\"@type\":\"ImageObject\",\"inLanguage\":\"en-US\",\"@id\":\"https:\\\/\\\/salthus.is\\\/home\\\/home\\\/accommodation\\\/small-twin-rooms-disability-access\\\/#primaryimage\",\"url\":\"http:\\\/\\\/salthus.is\\\/wp-content\\\/uploads\\\/salthus-12twinroomdisabled-w960.gif\",\"contentUrl\":\"http:\\\/\\\/salthus.is\\\/wp-content\\\/uploads\\\/salthus-12twinroomdisabled-w960.gif\"},{\"@type\":\"BreadcrumbList\",\"@id\":\"https:\\\/\\\/salthus.is\\\/home\\\/home\\\/accommodation\\\/small-twin-rooms-disability-access\\\/#breadcrumb\",\"itemListElement\":[{\"@type\":\"ListItem\",\"position\":1,\"name\":\"Home\",\"item\":\"https:\\\/\\\/salthus.is\\\/home\\\/\"},{\"@type\":\"ListItem\",\"position\":2,\"name\":\"Home\",\"item\":\"https:\\\/\\\/salthus.is\\\/home\\\/\"},{\"@type\":\"ListItem\",\"position\":3,\"name\":\"Rooms\",\"item\":\"https:\\\/\\\/salthus.is\\\/home\\\/home\\\/accommodation\\\/\"},{\"@type\":\"ListItem\",\"position\":4,\"name\":\"Small twin rooms &#8211; wheelchair access\"}]},{\"@type\":\"WebSite\",\"@id\":\"https:\\\/\\\/salthus.is\\\/home\\\/#website\",\"url\":\"https:\\\/\\\/salthus.is\\\/home\\\/\",\"name\":\"Salth\u00fas\",\"description\":\"Guesthouse Skagastr\u00f6nd\",\"publisher\":{\"@id\":\"https:\\\/\\\/salthus.is\\\/home\\\/#organization\"},\"potentialAction\":[{\"@type\":\"SearchAction\",\"target\":{\"@type\":\"EntryPoint\",\"urlTemplate\":\"https:\\\/\\\/salthus.is\\\/home\\\/?s={search_term_string}\"},\"query-input\":{\"@type\":\"PropertyValueSpecification\",\"valueRequired\":true,\"valueName\":\"search_term_string\"}}],\"inLanguage\":\"en-US\"},{\"@type\":\"Organization\",\"@id\":\"https:\\\/\\\/salthus.is\\\/home\\\/#organization\",\"name\":\"Salth\u00fas Guesthouse\",\"url\":\"https:\\\/\\\/salthus.is\\\/home\\\/\",\"logo\":{\"@type\":\"ImageObject\",\"inLanguage\":\"en-US\",\"@id\":\"https:\\\/\\\/salthus.is\\\/home\\\/#\\\/schema\\\/logo\\\/image\\\/\",\"url\":\"http:\\\/\\\/salthus.is\\\/wp-content\\\/uploads\\\/salthus-logo-pngtranspar-300x147pxgrunn-310x197px.png\",\"contentUrl\":\"http:\\\/\\\/salthus.is\\\/wp-content\\\/uploads\\\/salthus-logo-pngtranspar-300x147pxgrunn-310x197px.png\",\"width\":310,\"height\":197,\"caption\":\"Salth\u00fas Guesthouse\"},\"image\":{\"@id\":\"https:\\\/\\\/salthus.is\\\/home\\\/#\\\/schema\\\/logo\\\/image\\\/\"},\"sameAs\":[\"https:\\\/\\\/www.facebook.com\\\/salthusguesthouse\\\/\"]}]}<\/script>\n<!-- \/ Yoast SEO plugin. -->","yoast_head_json":{"title":"Small twin rooms - wheelchair access - Salth\u00fas","description":"Twin rooms with access for wheelchairs at the Salth\u00fas Guesthouse in Skagastr\u00f6nd sleep two persons, with two single beds. On the ground floor with a door to the outside.","robots":{"index":"index","follow":"follow","max-snippet":"max-snippet:-1","max-image-preview":"max-image-preview:large","max-video-preview":"max-video-preview:-1"},"canonical":"https:\/\/salthus.is\/home\/home\/accommodation\/small-twin-rooms-disability-access\/","og_locale":"en_US","og_type":"article","og_title":"Small twin rooms - wheelchair access - Salth\u00fas","og_description":"Twin rooms with access for wheelchairs at the Salth\u00fas Guesthouse in Skagastr\u00f6nd sleep two persons, with two single beds. On the ground floor with a door to the outside.","og_url":"https:\/\/salthus.is\/home\/home\/accommodation\/small-twin-rooms-disability-access\/","og_site_name":"Salth\u00fas","article_publisher":"https:\/\/www.facebook.com\/salthusguesthouse\/","article_modified_time":"2022-11-15T14:36:30+00:00","og_image":[{"url":"http:\/\/salthus.is\/wp-content\/uploads\/salthus-12twinroomdisabled-w960.gif","type":"","width":"","height":""}],"twitter_card":"summary_large_image","twitter_misc":{"Est. reading time":"5 minutes"},"schema":{"@context":"https:\/\/schema.org","@graph":[{"@type":"WebPage","@id":"https:\/\/salthus.is\/home\/home\/accommodation\/small-twin-rooms-disability-access\/","url":"https:\/\/salthus.is\/home\/home\/accommodation\/small-twin-rooms-disability-access\/","name":"Small twin rooms - wheelchair access - Salth\u00fas","isPartOf":{"@id":"https:\/\/salthus.is\/home\/#website"},"primaryImageOfPage":{"@id":"https:\/\/salthus.is\/home\/home\/accommodation\/small-twin-rooms-disability-access\/#primaryimage"},"image":{"@id":"https:\/\/salthus.is\/home\/home\/accommodation\/small-twin-rooms-disability-access\/#primaryimage"},"thumbnailUrl":"http:\/\/salthus.is\/wp-content\/uploads\/salthus-12twinroomdisabled-w960.gif","datePublished":"2018-01-24T23:51:32+00:00","dateModified":"2022-11-15T14:36:30+00:00","description":"Twin rooms with access for wheelchairs at the Salth\u00fas Guesthouse in Skagastr\u00f6nd sleep two persons, with two single beds. On the ground floor with a door to the outside.","breadcrumb":{"@id":"https:\/\/salthus.is\/home\/home\/accommodation\/small-twin-rooms-disability-access\/#breadcrumb"},"inLanguage":"en-US","potentialAction":[{"@type":"ReadAction","target":["https:\/\/salthus.is\/home\/home\/accommodation\/small-twin-rooms-disability-access\/"]}]},{"@type":"ImageObject","inLanguage":"en-US","@id":"https:\/\/salthus.is\/home\/home\/accommodation\/small-twin-rooms-disability-access\/#primaryimage","url":"http:\/\/salthus.is\/wp-content\/uploads\/salthus-12twinroomdisabled-w960.gif","contentUrl":"http:\/\/salthus.is\/wp-content\/uploads\/salthus-12twinroomdisabled-w960.gif"},{"@type":"BreadcrumbList","@id":"https:\/\/salthus.is\/home\/home\/accommodation\/small-twin-rooms-disability-access\/#breadcrumb","itemListElement":[{"@type":"ListItem","position":1,"name":"Home","item":"https:\/\/salthus.is\/home\/"},{"@type":"ListItem","position":2,"name":"Home","item":"https:\/\/salthus.is\/home\/"},{"@type":"ListItem","position":3,"name":"Rooms","item":"https:\/\/salthus.is\/home\/home\/accommodation\/"},{"@type":"ListItem","position":4,"name":"Small twin rooms &#8211; wheelchair access"}]},{"@type":"WebSite","@id":"https:\/\/salthus.is\/home\/#website","url":"https:\/\/salthus.is\/home\/","name":"Salth\u00fas","description":"Guesthouse Skagastr\u00f6nd","publisher":{"@id":"https:\/\/salthus.is\/home\/#organization"},"potentialAction":[{"@type":"SearchAction","target":{"@type":"EntryPoint","urlTemplate":"https:\/\/salthus.is\/home\/?s={search_term_string}"},"query-input":{"@type":"PropertyValueSpecification","valueRequired":true,"valueName":"search_term_string"}}],"inLanguage":"en-US"},{"@type":"Organization","@id":"https:\/\/salthus.is\/home\/#organization","name":"Salth\u00fas Guesthouse","url":"https:\/\/salthus.is\/home\/","logo":{"@type":"ImageObject","inLanguage":"en-US","@id":"https:\/\/salthus.is\/home\/#\/schema\/logo\/image\/","url":"http:\/\/salthus.is\/wp-content\/uploads\/salthus-logo-pngtranspar-300x147pxgrunn-310x197px.png","contentUrl":"http:\/\/salthus.is\/wp-content\/uploads\/salthus-logo-pngtranspar-300x147pxgrunn-310x197px.png","width":310,"height":197,"caption":"Salth\u00fas Guesthouse"},"image":{"@id":"https:\/\/salthus.is\/home\/#\/schema\/logo\/image\/"},"sameAs":["https:\/\/www.facebook.com\/salthusguesthouse\/"]}]}},"_links":{"self":[{"href":"https:\/\/salthus.is\/home\/wp-json\/wp\/v2\/pages\/931","targetHints":{"allow":["GET"]}}],"collection":[{"href":"https:\/\/salthus.is\/home\/wp-json\/wp\/v2\/pages"}],"about":[{"href":"https:\/\/salthus.is\/home\/wp-json\/wp\/v2\/types\/page"}],"author":[{"embeddable":true,"href":"https:\/\/salthus.is\/home\/wp-json\/wp\/v2\/users\/1"}],"replies":[{"embeddable":true,"href":"https:\/\/salthus.is\/home\/wp-json\/wp\/v2\/comments?post=931"}],"version-history":[{"count":11,"href":"https:\/\/salthus.is\/home\/wp-json\/wp\/v2\/pages\/931\/revisions"}],"predecessor-version":[{"id":1735,"href":"https:\/\/salthus.is\/home\/wp-json\/wp\/v2\/pages\/931\/revisions\/1735"}],"up":[{"embeddable":true,"href":"https:\/\/salthus.is\/home\/wp-json\/wp\/v2\/pages\/149"}],"wp:attachment":[{"href":"https:\/\/salthus.is\/home\/wp-json\/wp\/v2\/media?parent=931"}],"curies":[{"name":"wp","href":"https:\/\/api.w.org\/{rel}","templated":true}]}}